{"id":97,"date":"2019-03-20T14:29:16","date_gmt":"2019-03-20T14:29:16","guid":{"rendered":"https:\/\/divi.bucles.com\/?page_id=97"},"modified":"2019-12-19T12:32:06","modified_gmt":"2019-12-19T11:32:06","slug":"politica-cookies","status":"publish","type":"page","link":"https:\/\/transportsariza.com\/es\/politica-cookies","title":{"rendered":"Pol\u00edtica de Cookies"},"content":{"rendered":"<p>[et_pb_section fb_built=\u00bb1&#8243; _builder_version=\u00bb3.22.3&#8243; custom_padding=\u00bb54px|0px|0|0px|false|false\u00bb][et_pb_row _builder_version=\u00bb3.25&#8243;][et_pb_column type=\u00bb4_4&#8243; _builder_version=\u00bb3.25&#8243; custom_padding=\u00bb|||\u00bb custom_padding__hover=\u00bb|||\u00bb][et_pb_text _builder_version=\u00bb4.0.9&#8243; hover_enabled=\u00bb0&#8243;]<\/p>\n<p>\u00daltima actualizaci\u00f3: divendres, 23 de maig de 2018<\/p>\n<p><strong>POLITICA DE COOKIES \u2013 transportsariza.com<\/strong><\/p>\n<p>Cookie \u00e9s un fitxer que es descarrega al seu ordinador en accedir a determinades p\u00e0gines web. Les cookies permeten a una p\u00e0gina web, entre altres coses, emmagatzemar i recuperar informaci\u00f3 sobre els h\u00e0bits de navegaci\u00f3 d\u2019un usuari o del seu equip i, depenent de la informaci\u00f3 que continguin i de la forma en qu\u00e8 utilitzi el seu equip, es poden utilitzar per recon\u00e8ixer a l\u2019usuari. El navegador de l\u2019usuari memoritza cookies al disc dur nom\u00e9s durant la sessi\u00f3 actual ocupant un espai de mem\u00f2ria m\u00ednim i no perjudicant a l\u2019ordinador.<\/p>\n<p>Les Cookies no contenen cap mena d\u2019informaci\u00f3 personal espec\u00edfica, i la majoria d\u2019aquestes s\u2019esborren del disc dur en finalitzar la sessi\u00f3 de navegador (les anomenades Cookies de sessi\u00f3).<\/p>\n<p>La majoria dels navegadors accepten com a est\u00e0ndard a les Cookies i, amb independ\u00e8ncia d\u2019aquestes, permeten o impedeixen en la configuraci\u00f3 de seguretat les galetes temporals o memoritzades.<\/p>\n<p><strong>Quins tipus de cookies utilitza aquesta p\u00e0gina web?<\/strong><\/p>\n<p>\u2013 Cookies t\u00e8cniques: S\u00f3n aquelles que permeten a l\u2019usuari la navegaci\u00f3 a trav\u00e9s d\u2019una p\u00e0gina web, plataforma o aplicaci\u00f3 i la utilitzaci\u00f3 de les diferents opcions o serveis que en ella hi hagi com, per exemple, controlar el tr\u00e0nsit i la comunicaci\u00f3 de dades, identificar la sessi\u00f3, accedir a parts d\u2019acc\u00e9s restringit, recordar els elements que integren una comanda, realitzar el proc\u00e9s de compra d\u2019una comanda, realitzar la sol\u00b7licitud d\u2019inscripci\u00f3 o participaci\u00f3 en un esdeveniment, utilitzar elements de seguretat durant la navegaci\u00f3, emmagatzemar continguts per a la difusi\u00f3 de v\u00eddeos o so o compartir continguts a trav\u00e9s de xarxes socials.<\/p>\n<p>\u2013 Cookies de personalitzaci\u00f3: S\u00f3n aquelles que permeten a l\u2019usuari accedir al servei amb algunes caracter\u00edstiques de car\u00e0cter general predefinides en funci\u00f3 d\u2019una s\u00e8rie de criteris en el terminal de l\u2019usuari com ara serien l\u2019idioma, el tipus de navegador mitjan\u00e7ant el qual s\u2019accedeix al servei, la configuraci\u00f3 regional des d\u2019on s\u2019accedeix al servei, etc.<\/p>\n<p>\u2013 Cookies d\u2019an\u00e0lisi: S\u00f3n aquelles que ben tractades per nosaltres o per tercers, ens permeten quantificar el nombre d\u2019usuaris i aix\u00ed realitzar el mesurament i an\u00e0lisi estad\u00edstica de la utilitzaci\u00f3 que fan els usuaris del servei ofert. Per aix\u00f2 s\u2019analitza la seva navegaci\u00f3 a la nostra p\u00e0gina web per tal de millorar l\u2019oferta de productes o serveis que li oferim.<\/p>\n<p>\u2013 Cookie publicit\u00e0ries: S\u00f3n aquelles que, ben tractades per nosaltres o per tercers, ens permeten gestionar de la forma m\u00e9s efica\u00e7 possible l\u2019oferta dels espais publicitaris que hi ha a la p\u00e0gina web, adequant el contingut de l\u2019anunci al contingut del servei sol\u00b7licitat o al \u00fas que realitzi de la nostra p\u00e0gina web. Per a aix\u00f2 podem analitzar els seus h\u00e0bits de navegaci\u00f3 a Internet i podem mostrar publicitat relacionada amb el seu perfil de navegaci\u00f3.<\/p>\n<p>\u2013 Cookies de publicitat comportamental: S\u00f3n aquelles que permeten la gesti\u00f3, de la forma m\u00e9s efica\u00e7 possible, dels espais publicitaris que, si escau, l\u2019editor hagi incl\u00f2s en una p\u00e0gina web, aplicaci\u00f3 o plataforma des de la qual presta el servei sol\u00b7licitat. Aquestes galetes emmagatzemen informaci\u00f3 del comportament dels usuaris obtinguda a trav\u00e9s de l\u2019observaci\u00f3 continuada dels seus h\u00e0bits de navegaci\u00f3, el que permet desenvolupar un perfil espec\u00edfic per a mostrar publicitat en funci\u00f3 del mateix.<\/p>\n<p>\u2013 Cookies de tercers: La Web de <strong>transportsariza.com<\/strong>\u00a0pot utilitzar serveis de tercers que, per compte de <strong>transportsariza.com<\/strong>, recopilaran informaci\u00f3 amb fins estad\u00edstics, d\u2019\u00fas del Site per part de l\u2019usuari i per a la prestaci\u00f3 d\u2019altres serveis relacionats amb l\u2019activitat del website i altres serveis d\u2019Internet.<\/p>\n<p>En particular, aquest lloc web utilitza Google Analytics, un servei anal\u00edtic de web prestat per Google, Inc. amb domicili als Estats Units amb seu central a 1600 Amphitheatre Parkway, Mountain View, Calif\u00f2rnia 94043. Per a la prestaci\u00f3 d\u2019aquests serveis, aquests utilitzen Cookie que recopilen la informaci\u00f3, inclosa l\u2019adre\u00e7a IP de l\u2019usuari, que ser\u00e0 transmesa, tractada i emmagatzemada per Google en els termes fixats en la web Google.com. Incloent la possible transmissi\u00f3 d\u2019aquesta informaci\u00f3 a tercers per raons d\u2019exig\u00e8ncia legal o quan aquests tercers processin la informaci\u00f3 per compte de Google.<\/p>\n<p>L\u2019Usuari accepta expressament, per la utilitzaci\u00f3 d\u2019aquest Site, el tractament de la informaci\u00f3 recollida en la forma i amb les finalitats anteriorment esmentats. I aix\u00ed mateix reconeix con\u00e8ixer la possibilitat de rebutjar el tractament d\u2019aquestes dades o informaci\u00f3 rebutjant l\u2019\u00fas de cookies mitjan\u00e7ant la selecci\u00f3 de la configuraci\u00f3 apropiada a tal fi al seu navegador.<\/p>\n<p>Si b\u00e9 aquesta opci\u00f3 de bloqueig de cookies en el vostre navegador pot no permetre-li l\u2019\u00fas ple de totes les funcionalitats de la p\u00e0gina web.<\/p>\n<p>Pot vost\u00e8 permetre, bloquejar o eliminar les cookies instal\u00b7lades en el seu equip mitjan\u00e7ant la configuraci\u00f3 de les opcions del navegador en el vostre ordinador.<\/p>\n<p>Si t\u00e9 dubtes sobre aquesta pol\u00edtica de cookies, pot contactar amb <strong>transportsariza.com <\/strong>en<strong> info@transportsariza.com<\/strong><\/p>\n<p>[\/et_pb_text][\/et_pb_column][\/et_pb_row][\/et_pb_section]<\/p>\n","protected":false},"excerpt":{"rendered":"<p>\u00daltima actualizaci\u00f3: divendres, 23 de maig de 2018 POLITICA DE COOKIES \u2013 transportsariza.com Cookie \u00e9s un fitxer que es descarrega al seu ordinador en accedir a determinades p\u00e0gines web. Les cookies permeten a una p\u00e0gina web, entre altres coses, emmagatzemar i recuperar informaci\u00f3 sobre els h\u00e0bits de navegaci\u00f3 d\u2019un usuari o del seu equip i, [&hellip;]<\/p>\n","protected":false},"author":1,"featured_media":0,"parent":0,"menu_order":0,"comment_status":"closed","ping_status":"closed","template":"","meta":{"_et_pb_use_builder":"on","_et_pb_old_content":"","_et_gb_content_width":"","footnotes":""},"class_list":["post-97","page","type-page","status-publish","hentry"],"yoast_head":"<!-- This site is optimized with the Yoast SEO plugin v27.2 - https:\/\/yoast.com\/product\/yoast-seo-wordpress\/ -->\n<title>Pol\u00edtica de Cookies - Empresa de Transports Ariza Andorra<\/title>\n<meta name=\"robots\" content=\"noindex, nofollow\" \/>\n<meta property=\"og:locale\" content=\"es_ES\" \/>\n<meta property=\"og:type\" content=\"article\" \/>\n<meta property=\"og:title\" content=\"Pol\u00edtica de Cookies - Empresa de Transports Ariza Andorra\" \/>\n<meta property=\"og:description\" content=\"\u00daltima actualizaci\u00f3: divendres, 23 de maig de 2018 POLITICA DE COOKIES \u2013 transportsariza.com Cookie \u00e9s un fitxer que es descarrega al seu ordinador en accedir a determinades p\u00e0gines web. Les cookies permeten a una p\u00e0gina web, entre altres coses, emmagatzemar i recuperar informaci\u00f3 sobre els h\u00e0bits de navegaci\u00f3 d\u2019un usuari o del seu equip i, [&hellip;]\" \/>\n<meta property=\"og:url\" content=\"https:\/\/transportsariza.com\/es\/politica-cookies\" \/>\n<meta property=\"og:site_name\" content=\"Empresa de Transports Ariza Andorra\" \/>\n<meta property=\"article:modified_time\" content=\"2019-12-19T11:32:06+00:00\" \/>\n<meta name=\"twitter:card\" content=\"summary_large_image\" \/>\n<meta name=\"twitter:label1\" content=\"Tiempo de lectura\" \/>\n\t<meta name=\"twitter:data1\" content=\"5 minutos\" \/>\n<script type=\"application\/ld+json\" class=\"yoast-schema-graph\">{\"@context\":\"https:\/\/schema.org\",\"@graph\":[{\"@type\":\"WebPage\",\"@id\":\"https:\/\/transportsariza.com\/es\/politica-cookies\",\"url\":\"https:\/\/transportsariza.com\/es\/politica-cookies\",\"name\":\"Pol\u00edtica de Cookies - Empresa de Transports Ariza Andorra\",\"isPartOf\":{\"@id\":\"https:\/\/transportsariza.com\/es#website\"},\"datePublished\":\"2019-03-20T14:29:16+00:00\",\"dateModified\":\"2019-12-19T11:32:06+00:00\",\"breadcrumb\":{\"@id\":\"https:\/\/transportsariza.com\/es\/politica-cookies#breadcrumb\"},\"inLanguage\":\"es\",\"potentialAction\":[{\"@type\":\"ReadAction\",\"target\":[\"https:\/\/transportsariza.com\/es\/politica-cookies\"]}]},{\"@type\":\"BreadcrumbList\",\"@id\":\"https:\/\/transportsariza.com\/es\/politica-cookies#breadcrumb\",\"itemListElement\":[{\"@type\":\"ListItem\",\"position\":1,\"name\":\"Home\",\"item\":\"https:\/\/transportsariza.com\/es\"},{\"@type\":\"ListItem\",\"position\":2,\"name\":\"Pol\u00edtica de Cookies\"}]},{\"@type\":\"WebSite\",\"@id\":\"https:\/\/transportsariza.com\/es#website\",\"url\":\"https:\/\/transportsariza.com\/es\",\"name\":\"Empresa de Transports Ariza Andorra\",\"description\":\"Transports Ariza Andorra. Especialitzada en el sector del transport terrestre de mercaderies.\",\"potentialAction\":[{\"@type\":\"SearchAction\",\"target\":{\"@type\":\"EntryPoint\",\"urlTemplate\":\"https:\/\/transportsariza.com\/es?s={search_term_string}\"},\"query-input\":{\"@type\":\"PropertyValueSpecification\",\"valueRequired\":true,\"valueName\":\"search_term_string\"}}],\"inLanguage\":\"es\"}]}<\/script>\n<!-- \/ Yoast SEO plugin. -->","yoast_head_json":{"title":"Pol\u00edtica de Cookies - Empresa de Transports Ariza Andorra","robots":{"index":"noindex","follow":"nofollow"},"og_locale":"es_ES","og_type":"article","og_title":"Pol\u00edtica de Cookies - Empresa de Transports Ariza Andorra","og_description":"\u00daltima actualizaci\u00f3: divendres, 23 de maig de 2018 POLITICA DE COOKIES \u2013 transportsariza.com Cookie \u00e9s un fitxer que es descarrega al seu ordinador en accedir a determinades p\u00e0gines web. Les cookies permeten a una p\u00e0gina web, entre altres coses, emmagatzemar i recuperar informaci\u00f3 sobre els h\u00e0bits de navegaci\u00f3 d\u2019un usuari o del seu equip i, [&hellip;]","og_url":"https:\/\/transportsariza.com\/es\/politica-cookies","og_site_name":"Empresa de Transports Ariza Andorra","article_modified_time":"2019-12-19T11:32:06+00:00","twitter_card":"summary_large_image","twitter_misc":{"Tiempo de lectura":"5 minutos"},"schema":{"@context":"https:\/\/schema.org","@graph":[{"@type":"WebPage","@id":"https:\/\/transportsariza.com\/es\/politica-cookies","url":"https:\/\/transportsariza.com\/es\/politica-cookies","name":"Pol\u00edtica de Cookies - Empresa de Transports Ariza Andorra","isPartOf":{"@id":"https:\/\/transportsariza.com\/es#website"},"datePublished":"2019-03-20T14:29:16+00:00","dateModified":"2019-12-19T11:32:06+00:00","breadcrumb":{"@id":"https:\/\/transportsariza.com\/es\/politica-cookies#breadcrumb"},"inLanguage":"es","potentialAction":[{"@type":"ReadAction","target":["https:\/\/transportsariza.com\/es\/politica-cookies"]}]},{"@type":"BreadcrumbList","@id":"https:\/\/transportsariza.com\/es\/politica-cookies#breadcrumb","itemListElement":[{"@type":"ListItem","position":1,"name":"Home","item":"https:\/\/transportsariza.com\/es"},{"@type":"ListItem","position":2,"name":"Pol\u00edtica de Cookies"}]},{"@type":"WebSite","@id":"https:\/\/transportsariza.com\/es#website","url":"https:\/\/transportsariza.com\/es","name":"Empresa de Transports Ariza Andorra","description":"Transports Ariza Andorra. Especialitzada en el sector del transport terrestre de mercaderies.","potentialAction":[{"@type":"SearchAction","target":{"@type":"EntryPoint","urlTemplate":"https:\/\/transportsariza.com\/es?s={search_term_string}"},"query-input":{"@type":"PropertyValueSpecification","valueRequired":true,"valueName":"search_term_string"}}],"inLanguage":"es"}]}},"_links":{"self":[{"href":"https:\/\/transportsariza.com\/es\/wp-json\/wp\/v2\/pages\/97","targetHints":{"allow":["GET"]}}],"collection":[{"href":"https:\/\/transportsariza.com\/es\/wp-json\/wp\/v2\/pages"}],"about":[{"href":"https:\/\/transportsariza.com\/es\/wp-json\/wp\/v2\/types\/page"}],"author":[{"embeddable":true,"href":"https:\/\/transportsariza.com\/es\/wp-json\/wp\/v2\/users\/1"}],"replies":[{"embeddable":true,"href":"https:\/\/transportsariza.com\/es\/wp-json\/wp\/v2\/comments?post=97"}],"version-history":[{"count":5,"href":"https:\/\/transportsariza.com\/es\/wp-json\/wp\/v2\/pages\/97\/revisions"}],"predecessor-version":[{"id":1363,"href":"https:\/\/transportsariza.com\/es\/wp-json\/wp\/v2\/pages\/97\/revisions\/1363"}],"wp:attachment":[{"href":"https:\/\/transportsariza.com\/es\/wp-json\/wp\/v2\/media?parent=97"}],"curies":[{"name":"wp","href":"https:\/\/api.w.org\/{rel}","templated":true}]}}