{"id":3,"date":"2019-02-28T15:07:47","date_gmt":"2019-02-28T15:07:47","guid":{"rendered":"http:\/\/divi.bucles.com\/?page_id=3"},"modified":"2019-12-19T12:34:13","modified_gmt":"2019-12-19T11:34:13","slug":"politica-privacidad","status":"publish","type":"page","link":"https:\/\/transportsariza.com\/es\/politica-privacidad","title":{"rendered":"Pol\u00edtica de privacidad"},"content":{"rendered":"<p>[et_pb_section fb_built=\u00bb1&#8243; admin_label=\u00bbsection\u00bb _builder_version=\u00bb3.22.3&#8243; custom_padding=\u00bb54px|0px|0|0px|false|false\u00bb][et_pb_row admin_label=\u00bbrow\u00bb _builder_version=\u00bb3.25&#8243; background_size=\u00bbinitial\u00bb background_position=\u00bbtop_left\u00bb background_repeat=\u00bbrepeat\u00bb][et_pb_column type=\u00bb4_4&#8243; _builder_version=\u00bb3.0.47&#8243; custom_padding=\u00bb|||\u00bb custom_padding__hover=\u00bb|||\u00bb][et_pb_text admin_label=\u00bbText\u00bb _builder_version=\u00bb4.0.9&#8243; background_size=\u00bbinitial\u00bb background_position=\u00bbtop_left\u00bb background_repeat=\u00bbrepeat\u00bb hover_enabled=\u00bb0&#8243;]<\/p>\n<p><!-- divi:heading --><\/p>\n<p><span>\u00daltima actualizaci\u00f3: divendres, 23 de maig de 2018<\/span><\/p>\n<p><strong>POL\u00cdTICA DE PRIVACITAT \u2013 transportsariza.com<\/strong><\/p>\n<p>Si us plau, llegiu amb atenci\u00f3 la seg\u00fcent informaci\u00f3 per entendre les nostres pr\u00e0ctiques pel que fa a les seves dades personals i com anem a processar les dades.<\/p>\n<p>El present Pol\u00edtica de Privacitat estableix els termes en qu\u00e8 <strong>transportsariza.com<\/strong>\u00a0usa i protegeix la informaci\u00f3 que \u00e9s proporcionada pels seus usuaris al moment d\u2019utilitzar el seu lloc web. Aquesta companyia est\u00e0 compromesa amb la seguretat de les dades dels seus usuaris. Quan li demanem omplir els camps d\u2019informaci\u00f3 personal amb la qual vost\u00e8 pugui ser identificat, ho fem assegurant que nom\u00e9s es far\u00e0 servir d\u2019acord amb els termes d\u2019aquest document.<\/p>\n<p>No obstant aix\u00f2, aquesta pol\u00edtica de privacitat pot canviar amb el temps o ser actualitzada pel que li recomanem i emfatitzem revisar cont\u00ednuament aquesta p\u00e0gina per assegurar-se que est\u00e0 d\u2019acord amb aquests canvis.<\/p>\n<p><strong>Informaci\u00f3 que \u00e9s recollida<\/strong><\/p>\n<p>El nostre lloc web podr\u00e0 recollir informaci\u00f3 personal, per exemple: Nom, informaci\u00f3 de contacte com la seva adre\u00e7a de correu electr\u00f2nica i informaci\u00f3 demogr\u00e0fica. Aix\u00ed mateix quan sigui necessari podr\u00e0 ser requerida informaci\u00f3 espec\u00edfica per processar alguna comanda o realitzar un lliurament o facturaci\u00f3.<\/p>\n<p><strong>\u00das de la informaci\u00f3 recollida<\/strong><\/p>\n<p>El nostre lloc web empra la informaci\u00f3 per tal de proporcionar el millor servei possible, particularment per mantenir un registre d\u2019usuaris, de comandes en cas que s\u2019apliqui, i millorar els nostres productes i serveis. \u00c9s possible que siguin enviats correus electr\u00f2nics peri\u00f2dicament a trav\u00e9s del nostre lloc amb ofertes especials, nous productes i altra informaci\u00f3 publicit\u00e0ria que considerem rellevant per a vost\u00e8 o que pugui brindar algun benefici, aquests correus electr\u00f2nics seran enviats a l\u2019adre\u00e7a que vost\u00e8 proporcioni i podran ser cancel\u00b7lats en qualsevol moment.<\/p>\n<p><strong>casabroto.com\u00a0<\/strong>est\u00e0 altament comprom\u00e8s per complir amb el comprom\u00eds de mantenir la seva informaci\u00f3 segura. Fem servir els sistemes m\u00e9s avan\u00e7ats i els actualitzem constantment per assegurar-nos que no hi hagi cap acc\u00e9s no autoritzat.<\/p>\n<p><strong>Cookies<\/strong><\/p>\n<p>Una cookie es refereix a un fitxer que \u00e9s enviat amb la finalitat de sol\u00b7licitar perm\u00eds per emmagatzemar en el seu ordinador, en acceptar aquest fitxer es crea i la cookie serveix llavors per tenir informaci\u00f3 respecte al tr\u00e0nsit web, i tamb\u00e9 facilita les futures visites a una web recurrent. Una altra funci\u00f3 que tenen les cookie \u00e9s que amb elles les webs poden recon\u00e8ixer individualment i per tant brindar-te el millor servei personalitzat de la seva web.<\/p>\n<p>El nostre lloc web fa servir cookie per a poder identificar les p\u00e0gines que s\u00f3n visitades i la seva freq\u00fc\u00e8ncia. Aquesta informaci\u00f3 \u00e9s emprada \u00fanicament per a an\u00e0lisi estad\u00edstica i despr\u00e9s la informaci\u00f3 s\u2019elimina de forma permanent. Vost\u00e8 pot eliminar les cookie en qualsevol moment des del seu ordinador. No obstant aix\u00f2, les cookies ajuden a proporcionar un millor servei dels llocs web, est\u00e0s no donen acc\u00e9s a informaci\u00f3 del seu ordinador ni de vost\u00e8, a menys que vost\u00e8 aix\u00ed ho vulgui i la proporcioni directament.<\/p>\n<p>Vost\u00e8 pot acceptar o negar l\u2019\u00fas de cookies, per\u00f2, la majoria dels navegadors accepten galetes autom\u00e0ticament ja que serveix per tenir un millor servei web. Tamb\u00e9 vost\u00e8 pot canviar la configuraci\u00f3 del seu ordinador per declinar les cookies. Si es declinen \u00e9s possible que no pugui utilitzar alguns dels nostres serveis.<\/p>\n<p><strong>Enlla\u00e7os a Tercers<\/strong><\/p>\n<p>Aquest lloc web pogu\u00e9s contenir en lla\u00e7os a altres llocs que puguin ser del seu inter\u00e8s. Una vegada que vost\u00e8 de clic en aquests enlla\u00e7os i abandoni la nostra p\u00e0gina, ja no tenim control sobre al lloc al qual \u00e9s redirigit i per tant no som responsables dels termes o privacitat ni de la protecci\u00f3 de les seves dades en aquests altres llocs tercers. Aquests llocs estan subjectes a les seves pr\u00f2pies pol\u00edtiques de privacitat per la qual cosa \u00e9s recomanable que els consulti per confirmar que vost\u00e8 est\u00e0 d\u2019acord amb aquestes.<\/p>\n<p><strong>Control de la seva informaci\u00f3 personal<\/strong><\/p>\n<p>En qualsevol moment vost\u00e8 pot restringir la recopilaci\u00f3 o l\u2019\u00fas de la informaci\u00f3 personal que \u00e9s proporcionada al nostre lloc web. Cada vegada que se li demani omplir un formulari, com el d\u2019alta d\u2019usuari, pot canviar la selecci\u00f3 l\u2019opci\u00f3 de rebre informaci\u00f3 per correu electr\u00f2nic. En cas que hagi marcat l\u2019opci\u00f3 de rebre el nostre butllet\u00ed o publicitat vost\u00e8 pot cancel\u00b7lar-la en qualsevol moment.<\/p>\n<p>Aquesta companyia no vendr\u00e0, cedir\u00e0 o distribuir\u00e0 la informaci\u00f3 personal que \u00e9s recopilada sense el seu consentiment, llevat que sigui requerit per un jutge amb un ordre judicial.<\/p>\n<p><strong>Queixes<\/strong><\/p>\n<p>Estem compromesos a resoldre les queixes sobre la recopilaci\u00f3 o l\u2019\u00fas de les seves dades personals. Si desitja fer una queixa en relaci\u00f3 amb les presents Condicions o les nostres pr\u00e0ctiques en relaci\u00f3 amb les seves dades personals, poseu-vos en contacte amb nosaltres a: <strong>info@transportsariza.com<\/strong><\/p>\n<p>Anem a respondre a la seva queixa tan aviat com sigui possible i en tot cas, dins dels 30 dies. Esperem que, per resoldre qualsevol queixa de la nostra atenci\u00f3, per\u00f2, si vost\u00e8 sent que la seva queixa no s\u2019ha resolt de manera adequada, es reserva el dret de contactar amb l\u2019autoritat de control de protecci\u00f3 de dades local<\/p>\n<p><strong>transportsariza.com<\/strong> es reserva el dret de canviar els termes de la present Pol\u00edtica de Privacitat en qualsevol moment.<\/p>\n<p>\u200b<\/p>\n<p>[\/et_pb_text][\/et_pb_column][\/et_pb_row][\/et_pb_section]<\/p>\n","protected":false},"excerpt":{"rendered":"<p>\u00daltima actualizaci\u00f3: divendres, 23 de maig de 2018 POL\u00cdTICA DE PRIVACITAT \u2013 transportsariza.com Si us plau, llegiu amb atenci\u00f3 la seg\u00fcent informaci\u00f3 per entendre les nostres pr\u00e0ctiques pel que fa a les seves dades personals i com anem a processar les dades. El present Pol\u00edtica de Privacitat estableix els termes en qu\u00e8 transportsariza.com\u00a0usa i protegeix [&hellip;]<\/p>\n","protected":false},"author":1,"featured_media":0,"parent":0,"menu_order":0,"comment_status":"closed","ping_status":"closed","template":"","meta":{"_et_pb_use_builder":"on","_et_pb_old_content":"<!-- wp:heading -->\r\n<h2>Qui\u00e9nes somos<\/h2>\r\n<!-- \/wp:heading -->\r\n\r\n<!-- wp:paragraph -->\r\n<p>La direcci\u00f3n de nuestra web es: https:\/\/transportsariza.com.<\/p>\r\n<!-- \/wp:paragraph -->\r\n\r\n<!-- wp:heading -->\r\n<h2>Qu\u00e9 datos personales recogemos y por qu\u00e9 los recogemos<\/h2>\r\n<!-- \/wp:heading -->\r\n\r\n<!-- wp:heading {\"level\":3} -->\r\n<h3>Comentarios<\/h3>\r\n<!-- \/wp:heading -->\r\n\r\n<!-- wp:paragraph -->\r\n<p>Cuando los visitantes dejan comentarios en la web, recopilamos los datos que se muestran en el formulario de comentarios, as\u00ed como la direcci\u00f3n IP del visitante y la cadena de agentes de usuario del navegador para ayudar a la detecci\u00f3n de spam.<\/p>\r\n<!-- \/wp:paragraph -->\r\n\r\n<!-- wp:paragraph -->\r\n<p>Una cadena an\u00f3nima creada a partir de tu direcci\u00f3n de correo electr\u00f3nico (tambi\u00e9n llamada hash) puede ser proporcionada al servicio de Gravatar para ver si la est\u00e1s usando. La pol\u00edtica de privacidad del servicio Gravatar est\u00e1 disponible aqu\u00ed: https:\/\/automattic.com\/privacy\/. Despu\u00e9s de la aprobaci\u00f3n de tu comentario, la imagen de tu perfil es visible para el p\u00fablico en el contexto de su comentario.<\/p>\r\n<!-- \/wp:paragraph -->\r\n\r\n<!-- wp:heading {\"level\":3} -->\r\n<h3>Medios<\/h3>\r\n<!-- \/wp:heading -->\r\n\r\n<!-- wp:paragraph -->\r\n<p>Si subes im\u00e1genes a la web deber\u00edas evitar subir im\u00e1genes con datos de ubicaci\u00f3n (GPS EXIF) incluidos. Los visitantes de la web pueden descargar y extraer cualquier dato de localizaci\u00f3n de las im\u00e1genes de la web.<\/p>\r\n<!-- \/wp:paragraph -->\r\n\r\n<!-- wp:heading {\"level\":3} -->\r\n<h3>Formularios de contacto<\/h3>\r\n<!-- \/wp:heading -->\r\n\r\n<!-- wp:heading {\"level\":3} -->\r\n<h3>Cookies<\/h3>\r\n<!-- \/wp:heading -->\r\n\r\n<!-- wp:paragraph -->\r\n<p>Si dejas un comentario en nuestro sitio puedes elegir guardar tu nombre, direcci\u00f3n de correo electr\u00f3nico y web en cookies. Esto es para tu comodidad, para que no tengas que volver a rellenar tus datos cuando dejes otro comentario. Estas cookies tendr\u00e1n una duraci\u00f3n de un a\u00f1o.<\/p>\r\n<!-- \/wp:paragraph -->\r\n\r\n<!-- wp:paragraph -->\r\n<p>Si tienes una cuenta y te conectas a este sitio, instalaremos una cookie temporal para determinar si tu navegador acepta cookies. Esta cookie no contiene datos personales y se elimina al cerrar el navegador.<\/p>\r\n<!-- \/wp:paragraph -->\r\n\r\n<!-- wp:paragraph -->\r\n<p>Cuando inicias sesi\u00f3n, tambi\u00e9n instalaremos varias cookies para guardar tu informaci\u00f3n de inicio de sesi\u00f3n y tus opciones de visualizaci\u00f3n de pantalla. Las cookies de inicio de sesi\u00f3n duran dos d\u00edas, y las cookies de opciones de pantalla duran un a\u00f1o. Si seleccionas \"Recordarme\", tu inicio de sesi\u00f3n perdurar\u00e1 durante dos semanas. Si sales de tu cuenta, las cookies de inicio de sesi\u00f3n se eliminar\u00e1n.<\/p>\r\n<!-- \/wp:paragraph -->\r\n\r\n<!-- wp:paragraph -->\r\n<p>Si editas o publicas un art\u00edculo se guardar\u00e1 una cookie adicional en tu navegador. Esta cookie no incluye datos personales y simplemente indica el ID del art\u00edculo que acabas de editar. Caduca despu\u00e9s de 1 d\u00eda.<\/p>\r\n<!-- \/wp:paragraph -->\r\n\r\n<!-- wp:heading {\"level\":3} -->\r\n<h3>Contenido incrustado de otros sitios web<\/h3>\r\n<!-- \/wp:heading -->\r\n\r\n<!-- wp:paragraph -->\r\n<p>Los art\u00edculos de este sitio pueden incluir contenido incrustado (por ejemplo, v\u00eddeos, im\u00e1genes, art\u00edculos, etc.). El contenido incrustado de otras web se comporta exactamente de la misma manera que si el visitante hubiera visitado la otra web.<\/p>\r\n<!-- \/wp:paragraph -->\r\n\r\n<!-- wp:paragraph -->\r\n<p>Estas web pueden recopilar datos sobre ti, utilizar cookies, incrustar un seguimiento adicional de terceros, y supervisar tu interacci\u00f3n con ese contenido incrustado, incluido el seguimiento de tu interacci\u00f3n con el contenido incrustado si tienes una cuenta y est\u00e1s conectado a esa web.<\/p>\r\n<!-- \/wp:paragraph -->\r\n\r\n<!-- wp:heading {\"level\":3} -->\r\n<h3>Anal\u00edtica<\/h3>\r\n<!-- \/wp:heading -->\r\n\r\n<!-- wp:heading -->\r\n<h2>Con qui\u00e9n compartimos tus datos<\/h2>\r\n<!-- \/wp:heading -->\r\n\r\n<!-- wp:heading -->\r\n<h2>Cu\u00e1nto tiempo conservamos tus datos<\/h2>\r\n<!-- \/wp:heading -->\r\n\r\n<!-- wp:paragraph -->\r\n<p>Si dejas un comentario, el comentario y sus metadatos se conservan indefinidamente. Esto es para que podamos reconocer y aprobar comentarios sucesivos autom\u00e1ticamente en lugar de mantenerlos en una cola de moderaci\u00f3n.<\/p>\r\n<!-- \/wp:paragraph -->\r\n\r\n<!-- wp:paragraph -->\r\n<p>De los usuarios que se registran en nuestra web (si los hay), tambi\u00e9n almacenamos la informaci\u00f3n personal que proporcionan en su perfil de usuario. Todos los usuarios pueden ver, editar o eliminar su informaci\u00f3n personal en cualquier momento (excepto que no pueden cambiar su nombre de usuario). Los administradores de la web tambi\u00e9n pueden ver y editar esa informaci\u00f3n.<\/p>\r\n<!-- \/wp:paragraph -->\r\n\r\n<!-- wp:heading -->\r\n<h2>Qu\u00e9 derechos tienes sobre tus datos<\/h2>\r\n<!-- \/wp:heading -->\r\n\r\n<!-- wp:paragraph -->\r\n<p>Si tienes una cuenta o has dejado comentarios en esta web, puedes solicitar recibir un archivo de exportaci\u00f3n de los datos personales que tenemos sobre ti, incluyendo cualquier dato que nos hayas proporcionado. Tambi\u00e9n puedes solicitar que eliminemos cualquier dato personal que tengamos sobre ti. Esto no incluye ning\u00fan dato que estemos obligados a conservar con fines administrativos, legales o de seguridad.<\/p>\r\n<!-- \/wp:paragraph -->\r\n\r\n<!-- wp:heading -->\r\n<h2>D\u00f3nde enviamos tus datos<\/h2>\r\n<!-- \/wp:heading -->\r\n\r\n<!-- wp:paragraph -->\r\n<p>Los comentarios de los visitantes puede que los revise un servicio de detecci\u00f3n autom\u00e1tica de spam.<\/p>\r\n<!-- \/wp:paragraph -->\r\n\r\n<!-- wp:heading -->\r\n<h2>Tu informaci\u00f3n de contacto<\/h2>\r\n<!-- \/wp:heading -->\r\n\r\n<!-- wp:heading -->\r\n<h2>Informaci\u00f3n adicional<\/h2>\r\n<!-- \/wp:heading -->\r\n\r\n<!-- wp:heading {\"level\":3} -->\r\n<h3>C\u00f3mo protegemos tus datos<\/h3>\r\n<!-- \/wp:heading -->\r\n\r\n<!-- wp:heading {\"level\":3} -->\r\n<h3>Qu\u00e9 procedimientos utilizamos contra las brechas de datos<\/h3>\r\n<!-- \/wp:heading -->\r\n\r\n<!-- wp:heading {\"level\":3} -->\r\n<h3>De qu\u00e9 terceros recibimos datos<\/h3>\r\n<!-- \/wp:heading -->\r\n\r\n<!-- wp:heading {\"level\":3} -->\r\n<h3>Qu\u00e9 tipo de toma de decisiones automatizada y\/o perfilado hacemos con los datos del usuario<\/h3>\r\n<!-- \/wp:heading -->\r\n\r\n<!-- wp:heading {\"level\":3} -->\r\n<h3>Requerimientos regulatorios de revelaci\u00f3n de informaci\u00f3n del sector<\/h3>\r\n<!-- \/wp:heading -->","_et_gb_content_width":"","footnotes":""},"class_list":["post-3","page","type-page","status-publish","hentry"],"yoast_head":"<!-- This site is optimized with the Yoast SEO plugin v27.2 - https:\/\/yoast.com\/product\/yoast-seo-wordpress\/ -->\n<title>Pol\u00edtica de privacidad - Empresa de Transports Ariza Andorra<\/title>\n<meta name=\"robots\" content=\"noindex, nofollow\" \/>\n<meta property=\"og:locale\" content=\"es_ES\" \/>\n<meta property=\"og:type\" content=\"article\" \/>\n<meta property=\"og:title\" content=\"Pol\u00edtica de privacidad - Empresa de Transports Ariza Andorra\" \/>\n<meta property=\"og:description\" content=\"\u00daltima actualizaci\u00f3: divendres, 23 de maig de 2018 POL\u00cdTICA DE PRIVACITAT \u2013 transportsariza.com Si us plau, llegiu amb atenci\u00f3 la seg\u00fcent informaci\u00f3 per entendre les nostres pr\u00e0ctiques pel que fa a les seves dades personals i com anem a processar les dades. El present Pol\u00edtica de Privacitat estableix els termes en qu\u00e8 transportsariza.com\u00a0usa i protegeix [&hellip;]\" \/>\n<meta property=\"og:url\" content=\"https:\/\/transportsariza.com\/es\/politica-privacidad\" \/>\n<meta property=\"og:site_name\" content=\"Empresa de Transports Ariza Andorra\" \/>\n<meta property=\"article:modified_time\" content=\"2019-12-19T11:34:13+00:00\" \/>\n<meta name=\"twitter:card\" content=\"summary_large_image\" \/>\n<meta name=\"twitter:label1\" content=\"Tiempo de lectura\" \/>\n\t<meta name=\"twitter:data1\" content=\"5 minutos\" \/>\n<script type=\"application\/ld+json\" class=\"yoast-schema-graph\">{\"@context\":\"https:\/\/schema.org\",\"@graph\":[{\"@type\":\"WebPage\",\"@id\":\"https:\/\/transportsariza.com\/es\/politica-privacidad\",\"url\":\"https:\/\/transportsariza.com\/es\/politica-privacidad\",\"name\":\"Pol\u00edtica de privacidad - Empresa de Transports Ariza Andorra\",\"isPartOf\":{\"@id\":\"https:\/\/transportsariza.com\/es#website\"},\"datePublished\":\"2019-02-28T15:07:47+00:00\",\"dateModified\":\"2019-12-19T11:34:13+00:00\",\"breadcrumb\":{\"@id\":\"https:\/\/transportsariza.com\/es\/politica-privacidad#breadcrumb\"},\"inLanguage\":\"es\",\"potentialAction\":[{\"@type\":\"ReadAction\",\"target\":[\"https:\/\/transportsariza.com\/es\/politica-privacidad\"]}]},{\"@type\":\"BreadcrumbList\",\"@id\":\"https:\/\/transportsariza.com\/es\/politica-privacidad#breadcrumb\",\"itemListElement\":[{\"@type\":\"ListItem\",\"position\":1,\"name\":\"Home\",\"item\":\"https:\/\/transportsariza.com\/es\"},{\"@type\":\"ListItem\",\"position\":2,\"name\":\"Pol\u00edtica de privacidad\"}]},{\"@type\":\"WebSite\",\"@id\":\"https:\/\/transportsariza.com\/es#website\",\"url\":\"https:\/\/transportsariza.com\/es\",\"name\":\"Empresa de Transports Ariza Andorra\",\"description\":\"Transports Ariza Andorra. Especialitzada en el sector del transport terrestre de mercaderies.\",\"potentialAction\":[{\"@type\":\"SearchAction\",\"target\":{\"@type\":\"EntryPoint\",\"urlTemplate\":\"https:\/\/transportsariza.com\/es?s={search_term_string}\"},\"query-input\":{\"@type\":\"PropertyValueSpecification\",\"valueRequired\":true,\"valueName\":\"search_term_string\"}}],\"inLanguage\":\"es\"}]}<\/script>\n<!-- \/ Yoast SEO plugin. -->","yoast_head_json":{"title":"Pol\u00edtica de privacidad - Empresa de Transports Ariza Andorra","robots":{"index":"noindex","follow":"nofollow"},"og_locale":"es_ES","og_type":"article","og_title":"Pol\u00edtica de privacidad - Empresa de Transports Ariza Andorra","og_description":"\u00daltima actualizaci\u00f3: divendres, 23 de maig de 2018 POL\u00cdTICA DE PRIVACITAT \u2013 transportsariza.com Si us plau, llegiu amb atenci\u00f3 la seg\u00fcent informaci\u00f3 per entendre les nostres pr\u00e0ctiques pel que fa a les seves dades personals i com anem a processar les dades. El present Pol\u00edtica de Privacitat estableix els termes en qu\u00e8 transportsariza.com\u00a0usa i protegeix [&hellip;]","og_url":"https:\/\/transportsariza.com\/es\/politica-privacidad","og_site_name":"Empresa de Transports Ariza Andorra","article_modified_time":"2019-12-19T11:34:13+00:00","twitter_card":"summary_large_image","twitter_misc":{"Tiempo de lectura":"5 minutos"},"schema":{"@context":"https:\/\/schema.org","@graph":[{"@type":"WebPage","@id":"https:\/\/transportsariza.com\/es\/politica-privacidad","url":"https:\/\/transportsariza.com\/es\/politica-privacidad","name":"Pol\u00edtica de privacidad - Empresa de Transports Ariza Andorra","isPartOf":{"@id":"https:\/\/transportsariza.com\/es#website"},"datePublished":"2019-02-28T15:07:47+00:00","dateModified":"2019-12-19T11:34:13+00:00","breadcrumb":{"@id":"https:\/\/transportsariza.com\/es\/politica-privacidad#breadcrumb"},"inLanguage":"es","potentialAction":[{"@type":"ReadAction","target":["https:\/\/transportsariza.com\/es\/politica-privacidad"]}]},{"@type":"BreadcrumbList","@id":"https:\/\/transportsariza.com\/es\/politica-privacidad#breadcrumb","itemListElement":[{"@type":"ListItem","position":1,"name":"Home","item":"https:\/\/transportsariza.com\/es"},{"@type":"ListItem","position":2,"name":"Pol\u00edtica de privacidad"}]},{"@type":"WebSite","@id":"https:\/\/transportsariza.com\/es#website","url":"https:\/\/transportsariza.com\/es","name":"Empresa de Transports Ariza Andorra","description":"Transports Ariza Andorra. Especialitzada en el sector del transport terrestre de mercaderies.","potentialAction":[{"@type":"SearchAction","target":{"@type":"EntryPoint","urlTemplate":"https:\/\/transportsariza.com\/es?s={search_term_string}"},"query-input":{"@type":"PropertyValueSpecification","valueRequired":true,"valueName":"search_term_string"}}],"inLanguage":"es"}]}},"_links":{"self":[{"href":"https:\/\/transportsariza.com\/es\/wp-json\/wp\/v2\/pages\/3","targetHints":{"allow":["GET"]}}],"collection":[{"href":"https:\/\/transportsariza.com\/es\/wp-json\/wp\/v2\/pages"}],"about":[{"href":"https:\/\/transportsariza.com\/es\/wp-json\/wp\/v2\/types\/page"}],"author":[{"embeddable":true,"href":"https:\/\/transportsariza.com\/es\/wp-json\/wp\/v2\/users\/1"}],"replies":[{"embeddable":true,"href":"https:\/\/transportsariza.com\/es\/wp-json\/wp\/v2\/comments?post=3"}],"version-history":[{"count":5,"href":"https:\/\/transportsariza.com\/es\/wp-json\/wp\/v2\/pages\/3\/revisions"}],"predecessor-version":[{"id":1369,"href":"https:\/\/transportsariza.com\/es\/wp-json\/wp\/v2\/pages\/3\/revisions\/1369"}],"wp:attachment":[{"href":"https:\/\/transportsariza.com\/es\/wp-json\/wp\/v2\/media?parent=3"}],"curies":[{"name":"wp","href":"https:\/\/api.w.org\/{rel}","templated":true}]}}